{"id":64,"date":"2024-08-03T20:09:27","date_gmt":"2024-08-03T20:09:27","guid":{"rendered":"https:\/\/phaseaudio.com\/?page_id=64"},"modified":"2025-01-27T03:20:59","modified_gmt":"2025-01-27T03:20:59","slug":"contacto-web","status":"publish","type":"page","link":"https:\/\/phaseaudio.com\/?page_id=64","title":{"rendered":"Contacto"},"content":{"rendered":"\n<div class=\"wp-block-columns is-layout-flex wp-container-core-columns-is-layout-28f84493 wp-block-columns-is-layout-flex\">\n<div class=\"wp-block-column is-vertically-aligned-stretch is-layout-flow wp-block-column-is-layout-flow\">\n<div class=\"wp-block-buttons is-content-justification-left is-nowrap is-layout-flex wp-container-core-buttons-is-layout-92e17da2 wp-block-buttons-is-layout-flex\">\n<div class=\"wp-block-button\"><a class=\"wp-block-button__link has-text-align-center wp-element-button\" href=\"https:\/\/wa.me\/+526145283617\">WhatsApp Chihuahua <\/a><\/div>\n\n\n\n\n\n<div class=\"wp-block-button\"><a class=\"wp-block-button__link wp-element-button\" href=\"https:\/\/wa.me\/+5216566269176\">WhatsApp Cd. Ju\u00e1rez<\/a><\/div>\n<\/div>\n\n\n\n<div class=\"wp-block-columns are-vertically-aligned-center is-layout-flex wp-container-core-columns-is-layout-28f84493 wp-block-columns-is-layout-flex\">\n<div class=\"wp-block-column is-vertically-aligned-center is-layout-flow wp-block-column-is-layout-flow\">\n<p>Oficinas Cd. Chihuahua <\/p>\n\n\n\n<p><strong>Tel\u00e9fono +52 614 411 90 34<\/strong><\/p>\n\n\n\n<p><strong>R\u00edo sacramento 3908 <\/strong><\/p>\n\n\n\n<p><strong>Col Junta de los R\u00edos<\/strong> <strong>CP 31150<\/strong><\/p>\n\n\n\n<p><strong>Chihuahua, Chihuahua, MX <\/strong><\/p>\n<\/div>\n\n\n\n<div class=\"wp-block-column is-vertically-aligned-center is-layout-flow wp-block-column-is-layout-flow\">\n<p>Oficinas Cd. Ju\u00e1rez<\/p>\n\n\n\n<p><strong>TEL:+52 656 617 50 40<\/strong><\/p>\n\n\n\n<p><strong>Pedro Rosales de Le\u00f3n 5523<\/strong><strong><\/strong><\/p>\n\n\n\n<p><strong>Colonia San \u00c1ngel C.P. 32380<\/strong><\/p>\n\n\n\n<p><strong><\/strong><strong>Cd. Ju\u00e1rez, Chih.<\/strong><\/p>\n<\/div>\n<\/div>\n<\/div>\n<\/div>\n\n\n\n<div class=\"wp-block-group has-global-padding is-layout-constrained wp-block-group-is-layout-constrained\">\n<div class=\"wp-block-group is-nowrap is-layout-flex wp-container-core-group-is-layout-6c531013 wp-block-group-is-layout-flex\">\n<iframe src=\"https:\/\/www.google.com\/maps\/embed?pb=!1m18!1m12!1m3!1d1750.3983649509373!2d-106.0792715529371!3d28.665804437515927!2m3!1f0!2f0!3f0!3m2!1i1024!2i768!4f13.1!3m3!1m2!1s0x86ea436fd83bc281%3A0x7a002ffda30dcf7c!2sPhase%20Audio%20S.A.%20De%20C.V.!5e0!3m2!1ses-419!2smx!4v1722728664051!5m2!1ses-419!2smx\" width=\"600\" height=\"450\" style=\"border:0;\" allowfullscreen=\"\" loading=\"lazy\" referrerpolicy=\"no-referrer-when-downgrade\"><\/iframe>\n\n\n\n<hr class=\"wp-block-separator has-alpha-channel-opacity\"\/>\n\n\n\n<iframe src=\"https:\/\/www.google.com\/maps\/embed?pb=!1m18!1m12!1m3!1d3393.8601412000567!2d-106.43885912377851!3d31.719715237265206!2m3!1f0!2f0!3f0!3m2!1i1024!2i768!4f13.1!3m3!1m2!1s0x86e75c6a3f3e75b7%3A0x81abc200d18a3969!2sPhase%20Audio!5e0!3m2!1ses-419!2smx!4v1737764698327!5m2!1ses-419!2smx\" width=\"600\" height=\"450\" style=\"border:0;\" allowfullscreen=\"\" loading=\"lazy\" referrerpolicy=\"no-referrer-when-downgrade\"><\/iframe>\n<\/div>\n<\/div>\n\n\n\n<h2 class=\"wp-block-heading has-text-align-center has-medium-font-size has-body-font-family\" style=\"font-style:normal;font-weight:600\">Redes Sociales<\/h2>\n\n\n\n<hr class=\"wp-block-separator has-alpha-channel-opacity\"\/>\n\n\n\n<div class=\"wp-block-group is-vertical is-layout-flex wp-container-core-group-is-layout-fe9cc265 wp-block-group-is-layout-flex\">\n<div class=\"wp-block-group is-vertical is-layout-flex wp-container-core-group-is-layout-ea0cb840 wp-block-group-is-layout-flex\">\n<div class=\"wp-block-buttons is-content-justification-center is-layout-flex wp-container-core-buttons-is-layout-a89b3969 wp-block-buttons-is-layout-flex\">\n<div class=\"wp-block-button\"><a class=\"wp-block-button__link wp-element-button\" href=\"https:\/\/www.youtube.com\/channel\/UCR5pYa-6MBWq2Fb2N_X0H5A\">YouTube<\/a><\/div>\n\n\n\n<div class=\"wp-block-button\"><a class=\"wp-block-button__link wp-element-button\" href=\"https:\/\/www.tiktok.com\/@soluciones_avi\">TiK Tock<\/a><\/div>\n\n\n\n<div class=\"wp-block-button\"><a class=\"wp-block-button__link wp-element-button\" href=\"https:\/\/x.com\/Soluciones_AVI\">Twitter \/ X<\/a><\/div>\n\n\n\n<div class=\"wp-block-button\"><a class=\"wp-block-button__link wp-element-button\" href=\"https:\/\/www.facebook.com\/profile.php?id=61554686277762\">Facebook<\/a><\/div>\n\n\n\n<div class=\"wp-block-button\"><a class=\"wp-block-button__link wp-element-button\" href=\"https:\/\/www.instagram.com\/soluciones.avi.cuu\/\">Instagram<\/a><\/div>\n\n\n\n<div class=\"wp-block-button\"><a class=\"wp-block-button__link wp-element-button\" href=\"https:\/\/www.linkedin.com\/company\/soluciones-avi\/\">Linkeding<\/a><\/div>\n\n\n\n<div class=\"wp-block-button\"><a class=\"wp-block-button__link wp-element-button\" href=\"https:\/\/www.threads.net\/@soluciones.avi.cuu\">Threads<\/a><\/div>\n<\/div>\n<\/div>\n<\/div>\n\n\n\n<p><\/p>\n","protected":false},"excerpt":{"rendered":"<p>Oficinas Cd. Chihuahua Tel\u00e9fono +52 614 411 90 34 R\u00edo sacramento 3908 Col Junta de los R\u00edos CP 31150 Chihuahua, Chihuahua, MX Oficinas Cd. Ju\u00e1rez TEL:+52 656 617 50 40 Pedro Rosales de Le\u00f3n 5523 Colonia San \u00c1ngel C.P. 32380 Cd. Ju\u00e1rez, Chih. Redes Sociales<\/p>\n","protected":false},"author":1,"featured_media":84,"parent":0,"menu_order":0,"comment_status":"closed","ping_status":"closed","template":"","meta":{"footnotes":""},"class_list":["post-64","page","type-page","status-publish","has-post-thumbnail","hentry"],"yoast_head":"<!-- This site is optimized with the Yoast SEO plugin v26.4 - https:\/\/yoast.com\/wordpress\/plugins\/seo\/ -->\n<title>Contacto - Phase Audio<\/title>\n<meta name=\"robots\" content=\"index, follow, max-snippet:-1, max-image-preview:large, max-video-preview:-1\" \/>\n<link rel=\"canonical\" href=\"https:\/\/phaseaudio.com\/?page_id=64\" \/>\n<meta property=\"og:locale\" content=\"es_MX\" \/>\n<meta property=\"og:type\" content=\"article\" \/>\n<meta property=\"og:title\" content=\"Contacto - Phase Audio\" \/>\n<meta property=\"og:description\" content=\"Oficinas Cd. Chihuahua Tel\u00e9fono +52 614 411 90 34 R\u00edo sacramento 3908 Col Junta de los R\u00edos CP 31150 Chihuahua, Chihuahua, MX Oficinas Cd. Ju\u00e1rez TEL:+52 656 617 50 40 Pedro Rosales de Le\u00f3n 5523 Colonia San \u00c1ngel C.P. 32380 Cd. Ju\u00e1rez, Chih. Redes Sociales\" \/>\n<meta property=\"og:url\" content=\"https:\/\/phaseaudio.com\/?page_id=64\" \/>\n<meta property=\"og:site_name\" content=\"Phase Audio\" \/>\n<meta property=\"article:modified_time\" content=\"2025-01-27T03:20:59+00:00\" \/>\n<meta property=\"og:image\" content=\"https:\/\/phaseaudio.com\/wp-content\/uploads\/2024\/11\/Portada-FB.png\" \/>\n\t<meta property=\"og:image:width\" content=\"851\" \/>\n\t<meta property=\"og:image:height\" content=\"315\" \/>\n\t<meta property=\"og:image:type\" content=\"image\/png\" \/>\n<meta name=\"twitter:card\" content=\"summary_large_image\" \/>\n<script type=\"application\/ld+json\" class=\"yoast-schema-graph\">{\"@context\":\"https:\/\/schema.org\",\"@graph\":[{\"@type\":\"WebPage\",\"@id\":\"https:\/\/phaseaudio.com\/?page_id=64\",\"url\":\"https:\/\/phaseaudio.com\/?page_id=64\",\"name\":\"Contacto - Phase Audio\",\"isPartOf\":{\"@id\":\"https:\/\/phaseaudio.com\/#website\"},\"primaryImageOfPage\":{\"@id\":\"https:\/\/phaseaudio.com\/?page_id=64#primaryimage\"},\"image\":{\"@id\":\"https:\/\/phaseaudio.com\/?page_id=64#primaryimage\"},\"thumbnailUrl\":\"https:\/\/phaseaudio.com\/wp-content\/uploads\/2024\/11\/Portada-FB.png\",\"datePublished\":\"2024-08-03T20:09:27+00:00\",\"dateModified\":\"2025-01-27T03:20:59+00:00\",\"breadcrumb\":{\"@id\":\"https:\/\/phaseaudio.com\/?page_id=64#breadcrumb\"},\"inLanguage\":\"es\",\"potentialAction\":[{\"@type\":\"ReadAction\",\"target\":[\"https:\/\/phaseaudio.com\/?page_id=64\"]}]},{\"@type\":\"ImageObject\",\"inLanguage\":\"es\",\"@id\":\"https:\/\/phaseaudio.com\/?page_id=64#primaryimage\",\"url\":\"https:\/\/phaseaudio.com\/wp-content\/uploads\/2024\/11\/Portada-FB.png\",\"contentUrl\":\"https:\/\/phaseaudio.com\/wp-content\/uploads\/2024\/11\/Portada-FB.png\",\"width\":851,\"height\":315},{\"@type\":\"BreadcrumbList\",\"@id\":\"https:\/\/phaseaudio.com\/?page_id=64#breadcrumb\",\"itemListElement\":[{\"@type\":\"ListItem\",\"position\":1,\"name\":\"Inicio\",\"item\":\"https:\/\/phaseaudio.com\/\"},{\"@type\":\"ListItem\",\"position\":2,\"name\":\"Contacto\"}]},{\"@type\":\"WebSite\",\"@id\":\"https:\/\/phaseaudio.com\/#website\",\"url\":\"https:\/\/phaseaudio.com\/\",\"name\":\"Phase Audio\",\"description\":\"Phase Audio somos una empresa con m\u00e1s de 30 a\u00f1os de experiencia en el mercado dedicada en a la renta de equipos para todo tipo de eventos.\",\"publisher\":{\"@id\":\"https:\/\/phaseaudio.com\/#organization\"},\"potentialAction\":[{\"@type\":\"SearchAction\",\"target\":{\"@type\":\"EntryPoint\",\"urlTemplate\":\"https:\/\/phaseaudio.com\/?s={search_term_string}\"},\"query-input\":{\"@type\":\"PropertyValueSpecification\",\"valueRequired\":true,\"valueName\":\"search_term_string\"}}],\"inLanguage\":\"es\"},{\"@type\":\"Organization\",\"@id\":\"https:\/\/phaseaudio.com\/#organization\",\"name\":\"Phase Audio\",\"url\":\"https:\/\/phaseaudio.com\/\",\"logo\":{\"@type\":\"ImageObject\",\"inLanguage\":\"es\",\"@id\":\"https:\/\/phaseaudio.com\/#\/schema\/logo\/image\/\",\"url\":\"https:\/\/phaseaudio.com\/wp-content\/uploads\/2025\/11\/cropped-LOGO-PHASE-AUDIO-SIN.png\",\"contentUrl\":\"https:\/\/phaseaudio.com\/wp-content\/uploads\/2025\/11\/cropped-LOGO-PHASE-AUDIO-SIN.png\",\"width\":512,\"height\":512,\"caption\":\"Phase Audio\"},\"image\":{\"@id\":\"https:\/\/phaseaudio.com\/#\/schema\/logo\/image\/\"}}]}<\/script>\n<!-- \/ Yoast SEO plugin. -->","yoast_head_json":{"title":"Contacto - Phase Audio","robots":{"index":"index","follow":"follow","max-snippet":"max-snippet:-1","max-image-preview":"max-image-preview:large","max-video-preview":"max-video-preview:-1"},"canonical":"https:\/\/phaseaudio.com\/?page_id=64","og_locale":"es_MX","og_type":"article","og_title":"Contacto - Phase Audio","og_description":"Oficinas Cd. Chihuahua Tel\u00e9fono +52 614 411 90 34 R\u00edo sacramento 3908 Col Junta de los R\u00edos CP 31150 Chihuahua, Chihuahua, MX Oficinas Cd. Ju\u00e1rez TEL:+52 656 617 50 40 Pedro Rosales de Le\u00f3n 5523 Colonia San \u00c1ngel C.P. 32380 Cd. Ju\u00e1rez, Chih. Redes Sociales","og_url":"https:\/\/phaseaudio.com\/?page_id=64","og_site_name":"Phase Audio","article_modified_time":"2025-01-27T03:20:59+00:00","og_image":[{"width":851,"height":315,"url":"https:\/\/phaseaudio.com\/wp-content\/uploads\/2024\/11\/Portada-FB.png","type":"image\/png"}],"twitter_card":"summary_large_image","schema":{"@context":"https:\/\/schema.org","@graph":[{"@type":"WebPage","@id":"https:\/\/phaseaudio.com\/?page_id=64","url":"https:\/\/phaseaudio.com\/?page_id=64","name":"Contacto - Phase Audio","isPartOf":{"@id":"https:\/\/phaseaudio.com\/#website"},"primaryImageOfPage":{"@id":"https:\/\/phaseaudio.com\/?page_id=64#primaryimage"},"image":{"@id":"https:\/\/phaseaudio.com\/?page_id=64#primaryimage"},"thumbnailUrl":"https:\/\/phaseaudio.com\/wp-content\/uploads\/2024\/11\/Portada-FB.png","datePublished":"2024-08-03T20:09:27+00:00","dateModified":"2025-01-27T03:20:59+00:00","breadcrumb":{"@id":"https:\/\/phaseaudio.com\/?page_id=64#breadcrumb"},"inLanguage":"es","potentialAction":[{"@type":"ReadAction","target":["https:\/\/phaseaudio.com\/?page_id=64"]}]},{"@type":"ImageObject","inLanguage":"es","@id":"https:\/\/phaseaudio.com\/?page_id=64#primaryimage","url":"https:\/\/phaseaudio.com\/wp-content\/uploads\/2024\/11\/Portada-FB.png","contentUrl":"https:\/\/phaseaudio.com\/wp-content\/uploads\/2024\/11\/Portada-FB.png","width":851,"height":315},{"@type":"BreadcrumbList","@id":"https:\/\/phaseaudio.com\/?page_id=64#breadcrumb","itemListElement":[{"@type":"ListItem","position":1,"name":"Inicio","item":"https:\/\/phaseaudio.com\/"},{"@type":"ListItem","position":2,"name":"Contacto"}]},{"@type":"WebSite","@id":"https:\/\/phaseaudio.com\/#website","url":"https:\/\/phaseaudio.com\/","name":"Phase Audio","description":"Phase Audio somos una empresa con m\u00e1s de 30 a\u00f1os de experiencia en el mercado dedicada en a la renta de equipos para todo tipo de eventos.","publisher":{"@id":"https:\/\/phaseaudio.com\/#organization"},"potentialAction":[{"@type":"SearchAction","target":{"@type":"EntryPoint","urlTemplate":"https:\/\/phaseaudio.com\/?s={search_term_string}"},"query-input":{"@type":"PropertyValueSpecification","valueRequired":true,"valueName":"search_term_string"}}],"inLanguage":"es"},{"@type":"Organization","@id":"https:\/\/phaseaudio.com\/#organization","name":"Phase Audio","url":"https:\/\/phaseaudio.com\/","logo":{"@type":"ImageObject","inLanguage":"es","@id":"https:\/\/phaseaudio.com\/#\/schema\/logo\/image\/","url":"https:\/\/phaseaudio.com\/wp-content\/uploads\/2025\/11\/cropped-LOGO-PHASE-AUDIO-SIN.png","contentUrl":"https:\/\/phaseaudio.com\/wp-content\/uploads\/2025\/11\/cropped-LOGO-PHASE-AUDIO-SIN.png","width":512,"height":512,"caption":"Phase Audio"},"image":{"@id":"https:\/\/phaseaudio.com\/#\/schema\/logo\/image\/"}}]}},"_links":{"self":[{"href":"https:\/\/phaseaudio.com\/index.php?rest_route=\/wp\/v2\/pages\/64","targetHints":{"allow":["GET"]}}],"collection":[{"href":"https:\/\/phaseaudio.com\/index.php?rest_route=\/wp\/v2\/pages"}],"about":[{"href":"https:\/\/phaseaudio.com\/index.php?rest_route=\/wp\/v2\/types\/page"}],"author":[{"embeddable":true,"href":"https:\/\/phaseaudio.com\/index.php?rest_route=\/wp\/v2\/users\/1"}],"replies":[{"embeddable":true,"href":"https:\/\/phaseaudio.com\/index.php?rest_route=%2Fwp%2Fv2%2Fcomments&post=64"}],"version-history":[{"count":17,"href":"https:\/\/phaseaudio.com\/index.php?rest_route=\/wp\/v2\/pages\/64\/revisions"}],"predecessor-version":[{"id":139,"href":"https:\/\/phaseaudio.com\/index.php?rest_route=\/wp\/v2\/pages\/64\/revisions\/139"}],"wp:featuredmedia":[{"embeddable":true,"href":"https:\/\/phaseaudio.com\/index.php?rest_route=\/wp\/v2\/media\/84"}],"wp:attachment":[{"href":"https:\/\/phaseaudio.com\/index.php?rest_route=%2Fwp%2Fv2%2Fmedia&parent=64"}],"curies":[{"name":"wp","href":"https:\/\/api.w.org\/{rel}","templated":true}]}}